{"id":1372,"date":"2025-12-15T14:10:22","date_gmt":"2025-12-15T14:10:22","guid":{"rendered":"https:\/\/apsoluti-industria.com\/?page_id=1372"},"modified":"2025-12-15T15:31:22","modified_gmt":"2025-12-15T15:31:22","slug":"makigami","status":"publish","type":"page","link":"https:\/\/apsoluti-industria.com\/index.php\/makigami\/","title":{"rendered":"makigami"},"content":{"rendered":"\t\t<div data-elementor-type=\"wp-page\" data-elementor-id=\"1372\" class=\"elementor elementor-1372\" data-elementor-post-type=\"page\">\n\t\t\t\t\t\t<section class=\"elementor-section elementor-top-section elementor-element elementor-element-5b7275d elementor-section-content-middle elementor-section-boxed elementor-section-height-default elementor-section-height-default\" data-id=\"5b7275d\" data-element_type=\"section\" data-settings=\"{&quot;background_background&quot;:&quot;classic&quot;}\">\n\t\t\t\t\t\t<div class=\"elementor-container elementor-column-gap-default\">\n\t\t\t\t\t<div class=\"elementor-column elementor-col-50 elementor-top-column elementor-element elementor-element-bd192bb\" data-id=\"bd192bb\" data-element_type=\"column\">\n\t\t\t<div class=\"elementor-widget-wrap elementor-element-populated\">\n\t\t\t\t\t\t<div class=\"elementor-element elementor-element-0a3cedd elementor-widget elementor-widget-image\" data-id=\"0a3cedd\" data-element_type=\"widget\" data-widget_type=\"image.default\">\n\t\t\t\t\t\t\t\t\t\t\t\t\t\t\t<img decoding=\"async\" src=\"https:\/\/apsoluti-industria.com\/wp-content\/uploads\/elementor\/thumbs\/makigami-rg6ciekrufrpnsnq93xhqmv37db9f58txedv8o6mw4.jpg\" title=\"makigami\" alt=\"makigami\" loading=\"lazy\" \/>\t\t\t\t\t\t\t\t\t\t\t\t\t\t\t<\/div>\n\t\t\t\t\t<\/div>\n\t\t<\/div>\n\t\t\t\t<div class=\"elementor-column elementor-col-50 elementor-top-column elementor-element elementor-element-c46c88e\" data-id=\"c46c88e\" data-element_type=\"column\">\n\t\t\t<div class=\"elementor-widget-wrap elementor-element-populated\">\n\t\t\t\t\t\t<div class=\"elementor-element elementor-element-bd19818 elementor-widget elementor-widget-heading\" data-id=\"bd19818\" data-element_type=\"widget\" data-widget_type=\"heading.default\">\n\t\t\t\t\t<h1 class=\"elementor-heading-title elementor-size-default\">Qu\u00e9 es Makigami<\/h1>\t\t\t\t<\/div>\n\t\t\t\t<div class=\"elementor-element elementor-element-143a9f7 elementor-widget elementor-widget-heading\" data-id=\"143a9f7\" data-element_type=\"widget\" data-widget_type=\"heading.default\">\n\t\t\t\t\t<h2 class=\"elementor-heading-title elementor-size-default\">Mirada conversacional de los flujos de trabajo<\/h2>\t\t\t\t<\/div>\n\t\t\t\t<div class=\"elementor-element elementor-element-bdf7c82 elementor-widget-divider--view-line elementor-widget elementor-widget-divider\" data-id=\"bdf7c82\" data-element_type=\"widget\" data-widget_type=\"divider.default\">\n\t\t\t\t\t\t\t<div class=\"elementor-divider\">\n\t\t\t<span class=\"elementor-divider-separator\">\n\t\t\t\t\t\t<\/span>\n\t\t<\/div>\n\t\t\t\t\t\t<\/div>\n\t\t\t\t<div class=\"elementor-element elementor-element-ecbc61d elementor-widget elementor-widget-text-editor\" data-id=\"ecbc61d\" data-element_type=\"widget\" data-widget_type=\"text-editor.default\">\n\t\t\t\t\t\t\t\t\t<p>La t\u00e9cnica Makigami naci\u00f3 en la industria japonesa muchos a\u00f1os antes que los diagramas Value Steam Mapping (VSM). Su nombre deriva de la palabra \u201ctrabajo con papeles\u201d y tiene el prop\u00f3sito de realizar un mapa sobre la forma como se realizan los procesos, se coordinan acciones y se generan resultados en cualquier tipo de proceso empresarial.<\/p><p>La ventaja de Makigami es la facilidad que ofrece para observar deficiencias de los procesos o \u201cmudas\u201d, especialmente los humanos, causados por la falta de coordinaci\u00f3n de acciones entre las personas de los diferentes departamentos y \u00e1reas.<\/p>\t\t\t\t\t\t\t\t<\/div>\n\t\t\t\t\t<\/div>\n\t\t<\/div>\n\t\t\t\t\t<\/div>\n\t\t<\/section>\n\t\t<div class=\"elementor-element elementor-element-91d29b0 e-flex e-con-boxed e-con e-parent\" data-id=\"91d29b0\" data-element_type=\"container\">\n\t\t\t\t\t<div class=\"e-con-inner\">\n\t\t<div class=\"elementor-element elementor-element-1691336 e-con-full e-flex e-con e-child\" data-id=\"1691336\" data-element_type=\"container\">\n\t\t\t\t<\/div>\n\t\t<div class=\"elementor-element elementor-element-651881c e-con-full e-flex e-con e-child\" data-id=\"651881c\" data-element_type=\"container\">\n\t\t\t\t<div class=\"elementor-element elementor-element-670cc51 elementor-widget elementor-widget-text-editor\" data-id=\"670cc51\" data-element_type=\"widget\" data-widget_type=\"text-editor.default\">\n\t\t\t\t\t\t\t\t\t<p>El <strong data-start=\"124\" data-end=\"136\">Makigami<\/strong> es una herramienta japonesa de mejora de procesos desarrollada por Okamura-san en la d\u00e9cada de 1990 en Fujico, Jap\u00f3n.<\/p><p>Creado para optimizar procesos administrativos complejos, permite visualizar los desperdicios y las ineficiencias que suelen pasar desapercibidos en oficinas y \u00e1reas de soporte.<\/p><p>A trav\u00e9s de un <strong data-start=\"448\" data-end=\"475\">mapa de procesos visual<\/strong>, el Makigami combina flujos de trabajo, roles, tiempos y problemas detectados, identificando retrabajos, esperas y actividades que no agregan valor.<\/p><p>A diferencia del Value Stream Mapping (VSM), que sigue un enfoque lineal centrado en el flujo de materiales, el Makigami ofrece una <strong data-start=\"734\" data-end=\"793\">visi\u00f3n global de la coordinaci\u00f3n entre personas y \u00e1reas<\/strong>, permitiendo estudiar c\u00f3mo interact\u00faan los distintos actores dentro del proceso.<\/p><p>Hoy se aplica tanto en manufactura como en servicios administrativos y se ha expandido internacionalmente, convirti\u00e9ndose en un referente para la mejora de procesos administrativos. Esta herramienta no solo muestra el proceso, sino que permite transformarlo en uno \u00e1gil y medible, optimizando la coordinaci\u00f3n humana y asegurando que las mejoras se implementen de manera efectiva.<\/p>\t\t\t\t\t\t\t\t<\/div>\n\t\t\t\t<div class=\"elementor-element elementor-element-3d2c0ca elementor-widget elementor-widget-heading\" data-id=\"3d2c0ca\" data-element_type=\"widget\" data-widget_type=\"heading.default\">\n\t\t\t\t\t<h2 class=\"elementor-heading-title elementor-size-default\">Caracter\u00edsticas de la t\u00e9cnica Makigami<\/h2>\t\t\t\t<\/div>\n\t\t\t\t<\/div>\n\t\t<div class=\"elementor-element elementor-element-1949d4d e-con-full e-flex e-con e-child\" data-id=\"1949d4d\" data-element_type=\"container\">\n\t\t\t\t<\/div>\n\t\t\t\t\t<\/div>\n\t\t\t\t<\/div>\n\t\t<div class=\"elementor-element elementor-element-7c07fd0 e-con-full e-flex e-con e-parent\" data-id=\"7c07fd0\" data-element_type=\"container\">\n\t\t<div class=\"elementor-element elementor-element-e814bfb e-con-full e-flex e-con e-child\" data-id=\"e814bfb\" data-element_type=\"container\">\n\t\t\t\t<\/div>\n\t\t<div class=\"elementor-element elementor-element-066a252 e-con-full e-flex e-con e-child\" data-id=\"066a252\" data-element_type=\"container\">\n\t\t\t\t<div class=\"elementor-element elementor-element-d41a65a elementor-widget elementor-widget-image\" data-id=\"d41a65a\" data-element_type=\"widget\" data-widget_type=\"image.default\">\n\t\t\t\t\t\t\t\t\t\t\t\t\t\t\t<img fetchpriority=\"high\" decoding=\"async\" width=\"1024\" height=\"458\" src=\"https:\/\/apsoluti-industria.com\/wp-content\/uploads\/2025\/12\/diagrama-makigami-1024x458.png\" class=\"attachment-large size-large wp-image-1394\" alt=\"\" srcset=\"https:\/\/apsoluti-industria.com\/wp-content\/uploads\/2025\/12\/diagrama-makigami-1024x458.png 1024w, https:\/\/apsoluti-industria.com\/wp-content\/uploads\/2025\/12\/diagrama-makigami-300x134.png 300w, https:\/\/apsoluti-industria.com\/wp-content\/uploads\/2025\/12\/diagrama-makigami-768x344.png 768w, https:\/\/apsoluti-industria.com\/wp-content\/uploads\/2025\/12\/diagrama-makigami.png 1106w\" sizes=\"(max-width: 1024px) 100vw, 1024px\" \/>\t\t\t\t\t\t\t\t\t\t\t\t\t\t\t<\/div>\n\t\t\t\t<div class=\"elementor-element elementor-element-5b34f29 elementor-widget elementor-widget-image\" data-id=\"5b34f29\" data-element_type=\"widget\" data-widget_type=\"image.default\">\n\t\t\t\t\t\t\t\t\t\t\t\t\t\t\t<img decoding=\"async\" width=\"715\" height=\"496\" src=\"https:\/\/apsoluti-industria.com\/wp-content\/uploads\/2025\/12\/makigami-real.jpg\" class=\"attachment-large size-large wp-image-1398\" alt=\"\" srcset=\"https:\/\/apsoluti-industria.com\/wp-content\/uploads\/2025\/12\/makigami-real.jpg 715w, https:\/\/apsoluti-industria.com\/wp-content\/uploads\/2025\/12\/makigami-real-300x208.jpg 300w\" sizes=\"(max-width: 715px) 100vw, 715px\" \/>\t\t\t\t\t\t\t\t\t\t\t\t\t\t\t<\/div>\n\t\t\t\t<\/div>\n\t\t<div class=\"elementor-element elementor-element-3143f3b e-con-full e-flex e-con e-child\" data-id=\"3143f3b\" data-element_type=\"container\">\n\t\t\t\t<\/div>\n\t\t<div class=\"elementor-element elementor-element-1403004 e-con-full e-flex e-con e-child\" data-id=\"1403004\" data-element_type=\"container\">\n\t\t\t\t<div class=\"elementor-element elementor-element-e19355d elementor-widget__width-initial elementor-widget elementor-widget-text-editor\" data-id=\"e19355d\" data-element_type=\"widget\" data-widget_type=\"text-editor.default\">\n\t\t\t\t\t\t\t\t\t<p>El <strong data-start=\"141\" data-end=\"153\">Makigami<\/strong> se construye mediante un <strong data-start=\"179\" data-end=\"206\">mapa visual del proceso<\/strong> que integra flujos de trabajo, roles, tiempos y actividades.<\/p><p>Su verdadera potencia aparece cuando se <strong data-start=\"308\" data-end=\"375\">identifican y grafican los puntos de interacci\u00f3n entre personas<\/strong> donde existen problemas de coordinaci\u00f3n.<\/p><p>En estos puntos, el Makigami permite <strong data-start=\"454\" data-end=\"537\">hacer visibles las conversaciones necesarias que deben establecerse o mejorarse<\/strong>, conversaciones que conducen a <strong data-start=\"569\" data-end=\"603\">compromisos claros y efectivos<\/strong> entre quienes participan en el flujo de trabajo.<\/p><p>De este modo, el Makigami no solo representa el proceso, sino que se convierte en una herramienta para mejorar la coordinaci\u00f3n humana, alinear expectativas y asegurar que los compromisos se cumplan, transformando procesos complejos en flujos de trabajo m\u00e1s confiables y eficientes.<\/p>\t\t\t\t\t\t\t\t<\/div>\n\t\t\t\t<\/div>\n\t\t\t\t<\/div>\n\t\t<div class=\"elementor-element elementor-element-1c107dd e-flex e-con-boxed e-con e-parent\" data-id=\"1c107dd\" data-element_type=\"container\">\n\t\t\t\t\t<div class=\"e-con-inner\">\n\t\t<div class=\"elementor-element elementor-element-8209bd1 e-con-full e-flex e-con e-child\" data-id=\"8209bd1\" data-element_type=\"container\">\n\t\t\t\t<\/div>\n\t\t<div class=\"elementor-element elementor-element-f9309ec e-con-full e-flex e-con e-child\" data-id=\"f9309ec\" data-element_type=\"container\">\n\t\t\t\t<div class=\"elementor-element elementor-element-98c6b9b elementor-widget elementor-widget-heading\" data-id=\"98c6b9b\" data-element_type=\"widget\" data-widget_type=\"heading.default\">\n\t\t\t\t\t<h2 class=\"elementor-heading-title elementor-size-default\">La anatom\u00eda de la coordinaci\u00f3n impecable a trav\u00e9s de conversaciones<\/h2>\t\t\t\t<\/div>\n\t\t\t\t<\/div>\n\t\t<div class=\"elementor-element elementor-element-02eddaf e-con-full e-flex e-con e-child\" data-id=\"02eddaf\" data-element_type=\"container\">\n\t\t\t\t<\/div>\n\t\t\t\t\t<\/div>\n\t\t\t\t<\/div>\n\t\t<div class=\"elementor-element elementor-element-7c56fa2 e-flex e-con-boxed e-con e-parent\" data-id=\"7c56fa2\" data-element_type=\"container\">\n\t\t\t\t\t<div class=\"e-con-inner\">\n\t\t<div class=\"elementor-element elementor-element-a5419d1 e-con-full e-flex e-con e-child\" data-id=\"a5419d1\" data-element_type=\"container\">\n\t\t\t\t<\/div>\n\t\t<div class=\"elementor-element elementor-element-14e9c19 e-con-full e-flex e-con e-child\" data-id=\"14e9c19\" data-element_type=\"container\">\n\t\t\t\t<div class=\"elementor-element elementor-element-6c46e36 elementor-widget elementor-widget-image\" data-id=\"6c46e36\" data-element_type=\"widget\" data-widget_type=\"image.default\">\n\t\t\t\t\t\t\t\t\t\t\t\t\t\t\t<img decoding=\"async\" width=\"724\" height=\"410\" src=\"https:\/\/apsoluti-industria.com\/wp-content\/uploads\/2025\/12\/anatomia-accion.jpg\" class=\"attachment-large size-large wp-image-1428\" alt=\"\" srcset=\"https:\/\/apsoluti-industria.com\/wp-content\/uploads\/2025\/12\/anatomia-accion.jpg 724w, https:\/\/apsoluti-industria.com\/wp-content\/uploads\/2025\/12\/anatomia-accion-300x170.jpg 300w\" sizes=\"(max-width: 724px) 100vw, 724px\" \/>\t\t\t\t\t\t\t\t\t\t\t\t\t\t\t<\/div>\n\t\t\t\t<\/div>\n\t\t<div class=\"elementor-element elementor-element-297dc53 e-con-full e-flex e-con e-child\" data-id=\"297dc53\" data-element_type=\"container\">\n\t\t\t\t<\/div>\n\t\t\t\t\t<\/div>\n\t\t\t\t<\/div>\n\t\t<div class=\"elementor-element elementor-element-a731205 e-flex e-con-boxed e-con e-parent\" data-id=\"a731205\" data-element_type=\"container\">\n\t\t\t\t\t<div class=\"e-con-inner\">\n\t\t<div class=\"elementor-element elementor-element-3e5a420 e-con-full e-flex e-con e-child\" data-id=\"3e5a420\" data-element_type=\"container\">\n\t\t\t\t<\/div>\n\t\t<div class=\"elementor-element elementor-element-cb479ca e-con-full e-flex e-con e-child\" data-id=\"cb479ca\" data-element_type=\"container\">\n\t\t\t\t<div class=\"elementor-element elementor-element-e56342a elementor-widget elementor-widget-text-editor\" data-id=\"e56342a\" data-element_type=\"widget\" data-widget_type=\"text-editor.default\">\n\t\t\t\t\t\t\t\t\t<p data-start=\"230\" data-end=\"769\">Este gr\u00e1fico presenta la <strong data-start=\"255\" data-end=\"280\">Anatom\u00eda de la Acci\u00f3n<\/strong>, desarrollada por Robert Dunham, que explica la l\u00f3gica mediante la cual se generan los resultados en una organizaci\u00f3n. Habitualmente se asume que los resultados se obtienen modificando directamente las acciones, los procedimientos o las tareas. Sin embargo, este modelo muestra que <strong data-start=\"563\" data-end=\"615\">las acciones est\u00e1n precedidas por conversaciones<\/strong>, y que son precisamente <strong data-start=\"640\" data-end=\"715\">las conversaciones que se tienen \u2014o no se tienen\u2014 y la calidad de estas<\/strong>, las que determinan si los resultados se logran o no.<\/p><p data-start=\"771\" data-end=\"1248\">La Anatom\u00eda de la Acci\u00f3n describe c\u00f3mo, a trav\u00e9s de conversaciones orientadas a pedidos, ofertas, promesas y compromisos, las personas coordinan acciones y construyen confianza. Cuando estas conversaciones son claras, expl\u00edcitas y confiables, las acciones se ejecutan de manera efectiva y los resultados se producen. Por el contrario, conversaciones incompletas, impl\u00edcitas o mal gestionadas generan quiebres de coordinaci\u00f3n, retrasos, retrabajos y resultados insatisfactorios.<\/p><p data-start=\"1250\" data-end=\"1729\">Utilizamos la Anatom\u00eda de la Acci\u00f3n como <strong data-start=\"1291\" data-end=\"1352\">herramienta central de an\u00e1lisis en los diagramas Makigami<\/strong>, ya que permite identificar <strong data-start=\"1381\" data-end=\"1434\">conversaciones faltantes, d\u00e9biles o mal dise\u00f1adas<\/strong> en los puntos de interacci\u00f3n del proceso. Al integrar ambos enfoques, no solo se visualiza el flujo de trabajo, sino tambi\u00e9n la calidad de la coordinaci\u00f3n humana que lo sostiene, haciendo posible intervenir de manera precisa para mejorar compromisos, ejecuci\u00f3n y resultados de forma sostenible.<\/p>\t\t\t\t\t\t\t\t<\/div>\n\t\t\t\t<\/div>\n\t\t<div class=\"elementor-element elementor-element-6e0aeb3 e-con-full e-flex e-con e-child\" data-id=\"6e0aeb3\" data-element_type=\"container\">\n\t\t\t\t<\/div>\n\t\t\t\t\t<\/div>\n\t\t\t\t<\/div>\n\t\t<div class=\"elementor-element elementor-element-086da36 e-flex e-con-boxed e-con e-parent\" data-id=\"086da36\" data-element_type=\"container\">\n\t\t\t\t\t<div class=\"e-con-inner\">\n\t\t<div class=\"elementor-element elementor-element-90459a5 e-con-full e-flex e-con e-child\" data-id=\"90459a5\" data-element_type=\"container\">\n\t\t\t\t<\/div>\n\t\t<div class=\"elementor-element elementor-element-39c6a14 e-con-full e-flex e-con e-child\" data-id=\"39c6a14\" data-element_type=\"container\">\n\t\t\t\t<div class=\"elementor-element elementor-element-0adcb4d elementor-widget elementor-widget-heading\" data-id=\"0adcb4d\" data-element_type=\"widget\" data-widget_type=\"heading.default\">\n\t\t\t\t\t<h2 class=\"elementor-heading-title elementor-size-default\">\"Nuestro trabajo en Apsoluti es formar a los equipos en estas competencias humanas y t\u00e9cnicas, acompa\u00f1ando estudios que mejoran tanto la comunicaci\u00f3n entre \u00e1reas y la agilidad de los procesos\"<\/h2>\t\t\t\t<\/div>\n\t\t\t\t<div class=\"elementor-element elementor-element-cdbf92d elementor-align-center elementor-widget elementor-widget-button\" data-id=\"cdbf92d\" data-element_type=\"widget\" data-widget_type=\"button.default\">\n\t\t\t\t\t\t\t\t\t\t<a class=\"elementor-button elementor-button-link elementor-size-sm\" href=\"https:\/\/apsoluti.com\/contacto\/\" target=\"_blank\">\n\t\t\t\t\t\t<span class=\"elementor-button-content-wrapper\">\n\t\t\t\t\t\t\t\t\t<span class=\"elementor-button-text\">Cons\u00faltenos sobre nuestros talleres \"in company\"<\/span>\n\t\t\t\t\t<\/span>\n\t\t\t\t\t<\/a>\n\t\t\t\t\t\t\t\t<\/div>\n\t\t\t\t<\/div>\n\t\t<div class=\"elementor-element elementor-element-2c1adb0 e-con-full e-flex e-con e-child\" data-id=\"2c1adb0\" data-element_type=\"container\">\n\t\t\t\t<\/div>\n\t\t\t\t\t<\/div>\n\t\t\t\t<\/div>\n\t\t<div class=\"elementor-element elementor-element-6b54289 e-flex e-con-boxed e-con e-parent\" data-id=\"6b54289\" data-element_type=\"container\">\n\t\t\t\t\t<div class=\"e-con-inner\">\n\t\t<div class=\"elementor-element elementor-element-3545939 e-con-full e-flex e-con e-child\" data-id=\"3545939\" data-element_type=\"container\">\n\t\t\t\t<\/div>\n\t\t<div class=\"elementor-element elementor-element-8fbf13a e-con-full e-flex e-con e-child\" data-id=\"8fbf13a\" data-element_type=\"container\">\n\t\t\t\t<\/div>\n\t\t<div class=\"elementor-element elementor-element-689175a e-con-full e-flex e-con e-child\" data-id=\"689175a\" data-element_type=\"container\">\n\t\t\t\t<\/div>\n\t\t<div class=\"elementor-element elementor-element-9e3ab6f e-con-full e-flex e-con e-child\" data-id=\"9e3ab6f\" data-element_type=\"container\">\n\t\t\t\t<\/div>\n\t\t\t\t\t<\/div>\n\t\t\t\t<\/div>\n\t\t\t\t<\/div>\n\t\t","protected":false},"excerpt":{"rendered":"<p>Qu\u00e9 es Makigami Mirada conversacional de los flujos de trabajo La t\u00e9cnica Makigami naci\u00f3 en la industria japonesa muchos a\u00f1os [&hellip;]<\/p>\n","protected":false},"author":1,"featured_media":0,"parent":0,"menu_order":0,"comment_status":"closed","ping_status":"closed","template":"","meta":{"site-sidebar-layout":"no-sidebar","site-content-layout":"","ast-site-content-layout":"full-width-container","site-content-style":"default","site-sidebar-style":"default","ast-global-header-display":"","ast-banner-title-visibility":"","ast-main-header-display":"","ast-hfb-above-header-display":"","ast-hfb-below-header-display":"","ast-hfb-mobile-header-display":"","site-post-title":"disabled","ast-breadcrumbs-content":"","ast-featured-img":"disabled","footer-sml-layout":"","ast-disable-related-posts":"","theme-transparent-header-meta":"default","adv-header-id-meta":"","stick-header-meta":"","header-above-stick-meta":"","header-main-stick-meta":"","header-below-stick-meta":"","astra-migrate-meta-layouts":"set","ast-page-background-enabled":"default","ast-page-background-meta":{"desktop":{"background-color":"var(--ast-global-color-5)","background-image":"","background-repeat":"repeat","background-position":"center center","background-size":"auto","background-attachment":"scroll","background-type":"","background-media":"","overlay-type":"","overlay-color":"","overlay-opacity":"","overlay-gradient":""},"tablet":{"background-color":"","background-image":"","background-repeat":"repeat","background-position":"center center","background-size":"auto","background-attachment":"scroll","background-type":"","background-media":"","overlay-type":"","overlay-color":"","overlay-opacity":"","overlay-gradient":""},"mobile":{"background-color":"","background-image":"","background-repeat":"repeat","background-position":"center center","background-size":"auto","background-attachment":"scroll","background-type":"","background-media":"","overlay-type":"","overlay-color":"","overlay-opacity":"","overlay-gradient":""}},"ast-content-background-meta":{"desktop":{"background-color":"var(--ast-global-color-4)","background-image":"","background-repeat":"repeat","background-position":"center center","background-size":"auto","background-attachment":"scroll","background-type":"","background-media":"","overlay-type":"","overlay-color":"","overlay-opacity":"","overlay-gradient":""},"tablet":{"background-color":"var(--ast-global-color-4)","background-image":"","background-repeat":"repeat","background-position":"center center","background-size":"auto","background-attachment":"scroll","background-type":"","background-media":"","overlay-type":"","overlay-color":"","overlay-opacity":"","overlay-gradient":""},"mobile":{"background-color":"var(--ast-global-color-4)","background-image":"","background-repeat":"repeat","background-position":"center center","background-size":"auto","background-attachment":"scroll","background-type":"","background-media":"","overlay-type":"","overlay-color":"","overlay-opacity":"","overlay-gradient":""}},"footnotes":""},"class_list":["post-1372","page","type-page","status-publish","hentry"],"_links":{"self":[{"href":"https:\/\/apsoluti-industria.com\/index.php\/wp-json\/wp\/v2\/pages\/1372","targetHints":{"allow":["GET"]}}],"collection":[{"href":"https:\/\/apsoluti-industria.com\/index.php\/wp-json\/wp\/v2\/pages"}],"about":[{"href":"https:\/\/apsoluti-industria.com\/index.php\/wp-json\/wp\/v2\/types\/page"}],"author":[{"embeddable":true,"href":"https:\/\/apsoluti-industria.com\/index.php\/wp-json\/wp\/v2\/users\/1"}],"replies":[{"embeddable":true,"href":"https:\/\/apsoluti-industria.com\/index.php\/wp-json\/wp\/v2\/comments?post=1372"}],"version-history":[{"count":68,"href":"https:\/\/apsoluti-industria.com\/index.php\/wp-json\/wp\/v2\/pages\/1372\/revisions"}],"predecessor-version":[{"id":1456,"href":"https:\/\/apsoluti-industria.com\/index.php\/wp-json\/wp\/v2\/pages\/1372\/revisions\/1456"}],"wp:attachment":[{"href":"https:\/\/apsoluti-industria.com\/index.php\/wp-json\/wp\/v2\/media?parent=1372"}],"curies":[{"name":"wp","href":"https:\/\/api.w.org\/{rel}","templated":true}]}}