{"id":34,"date":"2025-12-11T07:31:56","date_gmt":"2025-12-11T07:31:56","guid":{"rendered":"https:\/\/apsoluti-industria.com\/?page_id=34"},"modified":"2025-12-17T09:34:39","modified_gmt":"2025-12-17T09:34:39","slug":"coaching-alto-impacto","status":"publish","type":"page","link":"https:\/\/apsoluti-industria.com\/index.php\/coaching-alto-impacto\/","title":{"rendered":"coaching-alto-impacto"},"content":{"rendered":"\t\t<div data-elementor-type=\"wp-page\" data-elementor-id=\"34\" class=\"elementor elementor-34\" data-elementor-post-type=\"page\">\n\t\t\t\t\t\t<section class=\"elementor-section elementor-top-section elementor-element elementor-element-4626d04 elementor-section-content-middle elementor-section-boxed elementor-section-height-default elementor-section-height-default\" data-id=\"4626d04\" data-element_type=\"section\" data-settings=\"{&quot;background_background&quot;:&quot;classic&quot;}\">\n\t\t\t\t\t\t<div class=\"elementor-container elementor-column-gap-default\">\n\t\t\t\t\t<div class=\"elementor-column elementor-col-50 elementor-top-column elementor-element elementor-element-73b3b31\" data-id=\"73b3b31\" data-element_type=\"column\">\n\t\t\t<div class=\"elementor-widget-wrap elementor-element-populated\">\n\t\t\t\t\t\t<div class=\"elementor-element elementor-element-542b50c elementor-widget elementor-widget-image\" data-id=\"542b50c\" data-element_type=\"widget\" data-widget_type=\"image.default\">\n\t\t\t\t\t\t\t\t\t\t\t\t\t\t\t<img decoding=\"async\" src=\"https:\/\/apsoluti-industria.com\/wp-content\/uploads\/elementor\/thumbs\/supervisor-rga4fdfzxhvhtdckr4ds6wtcgghru7zoncfj45bx44.jpg\" title=\"Portrait of teacher stood in front of his three apprentices\" alt=\"Portrait of teacher stood in front of his three apprentices\" loading=\"lazy\" \/>\t\t\t\t\t\t\t\t\t\t\t\t\t\t\t<\/div>\n\t\t\t\t\t<\/div>\n\t\t<\/div>\n\t\t\t\t<div class=\"elementor-column elementor-col-50 elementor-top-column elementor-element elementor-element-5e8134f\" data-id=\"5e8134f\" data-element_type=\"column\">\n\t\t\t<div class=\"elementor-widget-wrap elementor-element-populated\">\n\t\t\t\t\t\t<div class=\"elementor-element elementor-element-5ca8f6a elementor-widget elementor-widget-heading\" data-id=\"5ca8f6a\" data-element_type=\"widget\" data-widget_type=\"heading.default\">\n\t\t\t\t\t<h2 class=\"elementor-heading-title elementor-size-default\">TRANSFORMANDO LA CULTURA DE TRABAJO<\/h2>\t\t\t\t<\/div>\n\t\t\t\t<div class=\"elementor-element elementor-element-ef1d59d elementor-widget elementor-widget-heading\" data-id=\"ef1d59d\" data-element_type=\"widget\" data-widget_type=\"heading.default\">\n\t\t\t\t\t<h1 class=\"elementor-heading-title elementor-size-default\">Coaching de Alto Impacto para Jefes y Supervisores de F\u00e1brica<\/h1>\t\t\t\t<\/div>\n\t\t\t\t<div class=\"elementor-element elementor-element-239cb52 elementor-widget elementor-widget-heading\" data-id=\"239cb52\" data-element_type=\"widget\" data-widget_type=\"heading.default\">\n\t\t\t\t\t<h2 class=\"elementor-heading-title elementor-size-default\">Desarrollo de competencias para l\u00edderes de Nueva Era<\/h2>\t\t\t\t<\/div>\n\t\t\t\t<div class=\"elementor-element elementor-element-1cfbe9a elementor-widget-divider--view-line elementor-widget elementor-widget-divider\" data-id=\"1cfbe9a\" data-element_type=\"widget\" data-widget_type=\"divider.default\">\n\t\t\t\t\t\t\t<div class=\"elementor-divider\">\n\t\t\t<span class=\"elementor-divider-separator\">\n\t\t\t\t\t\t<\/span>\n\t\t<\/div>\n\t\t\t\t\t\t<\/div>\n\t\t\t\t<div class=\"elementor-element elementor-element-eaa753a elementor-widget elementor-widget-text-editor\" data-id=\"eaa753a\" data-element_type=\"widget\" data-widget_type=\"text-editor.default\">\n\t\t\t\t\t\t\t\t\t<p>Este programa est\u00e1 dise\u00f1ado como un <strong data-start=\"1779\" data-end=\"1813\">proceso completo de desarrollo<\/strong>, que comienza con un diagn\u00f3stico real del liderazgo operativo y acompa\u00f1a a jefes y supervisores en distintas etapas de crecimiento.<\/p><p><br data-start=\"1945\" data-end=\"1948\" \/>No ense\u00f1amos teor\u00eda: trabajamos sobre situaciones reales de la f\u00e1brica, con coaching, observaci\u00f3n y feedback continuo.<\/p>\t\t\t\t\t\t\t\t<\/div>\n\t\t\t\t\t<\/div>\n\t\t<\/div>\n\t\t\t\t\t<\/div>\n\t\t<\/section>\n\t\t\t\t<section class=\"elementor-section elementor-top-section elementor-element elementor-element-a91e225 elementor-section-content-middle elementor-section-boxed elementor-section-height-default elementor-section-height-default\" data-id=\"a91e225\" data-element_type=\"section\" data-settings=\"{&quot;background_background&quot;:&quot;classic&quot;}\">\n\t\t\t\t\t\t<div class=\"elementor-container elementor-column-gap-default\">\n\t\t\t\t\t<div class=\"elementor-column elementor-col-50 elementor-top-column elementor-element elementor-element-aa13e64\" data-id=\"aa13e64\" data-element_type=\"column\">\n\t\t\t<div class=\"elementor-widget-wrap elementor-element-populated\">\n\t\t\t\t\t\t<div class=\"elementor-element elementor-element-588d12b elementor-widget elementor-widget-heading\" data-id=\"588d12b\" data-element_type=\"widget\" data-widget_type=\"heading.default\">\n\t\t\t\t\t<h1 class=\"elementor-heading-title elementor-size-default\">Un problema real en la mayor\u00eda de las f\u00e1bricas:<\/h1>\t\t\t\t<\/div>\n\t\t\t\t<div class=\"elementor-element elementor-element-c6dec06 elementor-widget-divider--view-line elementor-widget elementor-widget-divider\" data-id=\"c6dec06\" data-element_type=\"widget\" data-widget_type=\"divider.default\">\n\t\t\t\t\t\t\t<div class=\"elementor-divider\">\n\t\t\t<span class=\"elementor-divider-separator\">\n\t\t\t\t\t\t<\/span>\n\t\t<\/div>\n\t\t\t\t\t\t<\/div>\n\t\t\t\t<div class=\"elementor-element elementor-element-e576aef elementor-widget elementor-widget-text-editor\" data-id=\"e576aef\" data-element_type=\"widget\" data-widget_type=\"text-editor.default\">\n\t\t\t\t\t\t\t\t\t<p data-start=\"363\" data-end=\"734\">En muchas plantas industriales, el principal factor que limita la mejora sostenida no es la tecnolog\u00eda ni los procesos, sino la <strong data-start=\"491\" data-end=\"543\">capacidad de liderazgo de los mandos intermedios<\/strong>.<\/p><p data-start=\"363\" data-end=\"734\">Jefes y supervisores asumen una alta responsabilidad operativa sin haber sido preparados para liderar personas, coordinar equipos bajo presi\u00f3n y transformar est\u00e1ndares en h\u00e1bitos diarios.<\/p><p data-start=\"736\" data-end=\"1022\">Esta brecha genera consecuencias directas para el negocio: desgaste de los mandos, conflictos recurrentes, baja disciplina operativa y una incapacidad cr\u00f3nica para consolidar las mejoras en el tiempo. Cuando el liderazgo no se desarrolla, la planta mejora\u2026 pero solo de forma puntual.<\/p>\t\t\t\t\t\t\t\t<\/div>\n\t\t\t\t\t<\/div>\n\t\t<\/div>\n\t\t\t\t<div class=\"elementor-column elementor-col-50 elementor-top-column elementor-element elementor-element-798708b\" data-id=\"798708b\" data-element_type=\"column\">\n\t\t\t<div class=\"elementor-widget-wrap elementor-element-populated\">\n\t\t\t\t\t\t<div class=\"elementor-element elementor-element-eefd84e elementor-widget elementor-widget-image\" data-id=\"eefd84e\" data-element_type=\"widget\" data-widget_type=\"image.default\">\n\t\t\t\t\t\t\t\t\t\t\t\t\t\t\t<img fetchpriority=\"high\" decoding=\"async\" width=\"768\" height=\"477\" src=\"https:\/\/apsoluti-industria.com\/wp-content\/uploads\/2025\/12\/coach_industrial-768x477.jpg\" class=\"attachment-medium_large size-medium_large wp-image-1726\" alt=\"\" srcset=\"https:\/\/apsoluti-industria.com\/wp-content\/uploads\/2025\/12\/coach_industrial-768x477.jpg 768w, https:\/\/apsoluti-industria.com\/wp-content\/uploads\/2025\/12\/coach_industrial-300x186.jpg 300w, https:\/\/apsoluti-industria.com\/wp-content\/uploads\/2025\/12\/coach_industrial-1024x636.jpg 1024w, https:\/\/apsoluti-industria.com\/wp-content\/uploads\/2025\/12\/coach_industrial-1536x954.jpg 1536w, https:\/\/apsoluti-industria.com\/wp-content\/uploads\/2025\/12\/coach_industrial-2048x1271.jpg 2048w\" sizes=\"(max-width: 768px) 100vw, 768px\" \/>\t\t\t\t\t\t\t\t\t\t\t\t\t\t\t<\/div>\n\t\t\t\t\t<\/div>\n\t\t<\/div>\n\t\t\t\t\t<\/div>\n\t\t<\/section>\n\t\t<div class=\"elementor-element elementor-element-e1b66a5 e-flex e-con-boxed e-con e-parent\" data-id=\"e1b66a5\" data-element_type=\"container\" data-settings=\"{&quot;background_background&quot;:&quot;classic&quot;}\">\n\t\t\t\t\t<div class=\"e-con-inner\">\n\t\t<div class=\"elementor-element elementor-element-f78853a e-con-full e-flex e-con e-child\" data-id=\"f78853a\" data-element_type=\"container\">\n\t\t\t\t<\/div>\n\t\t<div class=\"elementor-element elementor-element-9677490 e-con-full e-flex e-con e-child\" data-id=\"9677490\" data-element_type=\"container\">\n\t\t\t\t<div class=\"elementor-element elementor-element-94aa48d elementor-widget elementor-widget-heading\" data-id=\"94aa48d\" data-element_type=\"widget\" data-widget_type=\"heading.default\">\n\t\t\t\t\t<h2 class=\"elementor-heading-title elementor-size-default\">Nuestra propuesta de desarrollo en etapas<\/h2>\t\t\t\t<\/div>\n\t\t\t\t<\/div>\n\t\t<div class=\"elementor-element elementor-element-6c55b61 e-con-full e-flex e-con e-child\" data-id=\"6c55b61\" data-element_type=\"container\">\n\t\t\t\t<\/div>\n\t\t\t\t\t<\/div>\n\t\t\t\t<\/div>\n\t\t<div class=\"elementor-element elementor-element-f29bc47 e-flex e-con-boxed e-con e-parent\" data-id=\"f29bc47\" data-element_type=\"container\" data-settings=\"{&quot;background_background&quot;:&quot;classic&quot;}\">\n\t\t\t\t\t<div class=\"e-con-inner\">\n\t\t<div class=\"elementor-element elementor-element-26b4243 e-con-full e-flex e-con e-child\" data-id=\"26b4243\" data-element_type=\"container\">\n\t\t\t\t<div class=\"elementor-element elementor-element-4c47630 elementor-position-top elementor-widget elementor-widget-image-box\" data-id=\"4c47630\" data-element_type=\"widget\" data-widget_type=\"image-box.default\">\n\t\t\t\t\t<div class=\"elementor-image-box-wrapper\"><figure class=\"elementor-image-box-img\"><img decoding=\"async\" width=\"129\" height=\"135\" src=\"https:\/\/apsoluti-industria.com\/wp-content\/uploads\/2025\/12\/icono1-1.jpg\" class=\"attachment-full size-full wp-image-1790\" alt=\"\" \/><\/figure><div class=\"elementor-image-box-content\"><h3 class=\"elementor-image-box-title\">Diagn\u00f3stico y alineaci\u00f3n inicial<\/h3><p class=\"elementor-image-box-description\">An\u00e1lisis del rol actual del jefe o supervisor y de las principales brechas en liderazgo y gesti\u00f3n de personas. Alineaci\u00f3n con el l\u00edder directo para definir expectativas y foco del desarrollo<\/p><\/div><\/div>\t\t\t\t<\/div>\n\t\t\t\t<\/div>\n\t\t<div class=\"elementor-element elementor-element-cd4f4c3 e-con-full e-flex e-con e-child\" data-id=\"cd4f4c3\" data-element_type=\"container\">\n\t\t\t\t<div class=\"elementor-element elementor-element-6625df8 elementor-position-top elementor-widget elementor-widget-image-box\" data-id=\"6625df8\" data-element_type=\"widget\" data-widget_type=\"image-box.default\">\n\t\t\t\t\t<div class=\"elementor-image-box-wrapper\"><figure class=\"elementor-image-box-img\"><img decoding=\"async\" width=\"1015\" height=\"1026\" src=\"https:\/\/apsoluti-industria.com\/wp-content\/uploads\/2025\/12\/icono2.jpg\" class=\"attachment-full size-full wp-image-1794\" alt=\"\" srcset=\"https:\/\/apsoluti-industria.com\/wp-content\/uploads\/2025\/12\/icono2.jpg 1015w, https:\/\/apsoluti-industria.com\/wp-content\/uploads\/2025\/12\/icono2-297x300.jpg 297w, https:\/\/apsoluti-industria.com\/wp-content\/uploads\/2025\/12\/icono2-1013x1024.jpg 1013w, https:\/\/apsoluti-industria.com\/wp-content\/uploads\/2025\/12\/icono2-768x776.jpg 768w\" sizes=\"(max-width: 1015px) 100vw, 1015px\" \/><\/figure><div class=\"elementor-image-box-content\"><h3 class=\"elementor-image-box-title\">Plan de desarrollo individual y en equipo<\/h3><p class=\"elementor-image-box-description\">Codise\u00f1amos un plan de desarrollo personalizado, centrado en tres habilidades clave de liderazgo, con acciones concretas integradas en el trabajo diario y un seguimiento claro del progreso.<\/p><\/div><\/div>\t\t\t\t<\/div>\n\t\t\t\t<\/div>\n\t\t<div class=\"elementor-element elementor-element-b2703cf e-con-full e-flex e-con e-child\" data-id=\"b2703cf\" data-element_type=\"container\">\n\t\t\t\t<div class=\"elementor-element elementor-element-6f9552d elementor-position-top elementor-widget elementor-widget-image-box\" data-id=\"6f9552d\" data-element_type=\"widget\" data-widget_type=\"image-box.default\">\n\t\t\t\t\t<div class=\"elementor-image-box-wrapper\"><figure class=\"elementor-image-box-img\"><img loading=\"lazy\" decoding=\"async\" width=\"981\" height=\"871\" src=\"https:\/\/apsoluti-industria.com\/wp-content\/uploads\/2025\/12\/icono3.jpg\" class=\"attachment-full size-full wp-image-1795\" alt=\"\" srcset=\"https:\/\/apsoluti-industria.com\/wp-content\/uploads\/2025\/12\/icono3.jpg 981w, https:\/\/apsoluti-industria.com\/wp-content\/uploads\/2025\/12\/icono3-300x266.jpg 300w, https:\/\/apsoluti-industria.com\/wp-content\/uploads\/2025\/12\/icono3-768x682.jpg 768w\" sizes=\"(max-width: 981px) 100vw, 981px\" \/><\/figure><div class=\"elementor-image-box-content\"><h3 class=\"elementor-image-box-title\">Talleres para el desarrollo de competencias <\/h3><p class=\"elementor-image-box-description\">Realizamos talleres que aportan distinciones clave de liderazgo y entrenan su aplicaci\u00f3n en situaciones reales de f\u00e1brica, mediante pr\u00e1cticas progresivas integradas en el trabajo diario.<\/p><\/div><\/div>\t\t\t\t<\/div>\n\t\t\t\t<\/div>\n\t\t<div class=\"elementor-element elementor-element-9bd5c2e e-con-full e-flex e-con e-child\" data-id=\"9bd5c2e\" data-element_type=\"container\">\n\t\t\t\t<div class=\"elementor-element elementor-element-23fa2d0 elementor-position-top elementor-widget elementor-widget-image-box\" data-id=\"23fa2d0\" data-element_type=\"widget\" data-widget_type=\"image-box.default\">\n\t\t\t\t\t<div class=\"elementor-image-box-wrapper\"><figure class=\"elementor-image-box-img\"><img loading=\"lazy\" decoding=\"async\" width=\"860\" height=\"916\" src=\"https:\/\/apsoluti-industria.com\/wp-content\/uploads\/2025\/12\/icono4.jpg\" class=\"attachment-full size-full wp-image-1796\" alt=\"\" srcset=\"https:\/\/apsoluti-industria.com\/wp-content\/uploads\/2025\/12\/icono4.jpg 860w, https:\/\/apsoluti-industria.com\/wp-content\/uploads\/2025\/12\/icono4-282x300.jpg 282w, https:\/\/apsoluti-industria.com\/wp-content\/uploads\/2025\/12\/icono4-768x818.jpg 768w\" sizes=\"(max-width: 860px) 100vw, 860px\" \/><\/figure><div class=\"elementor-image-box-content\"><h3 class=\"elementor-image-box-title\">Sesiones de coaching individuales y de equipo<\/h3><p class=\"elementor-image-box-description\">Sesiones de coaching centradas en fortalecer la toma de decisiones, la coordinaci\u00f3n y la gesti\u00f3n de personas bajo presi\u00f3n. El coaching individual y de equipo consolida en la pr\u00e1ctica las distinciones trabajadas en el programa.<\/p><\/div><\/div>\t\t\t\t<\/div>\n\t\t\t\t<\/div>\n\t\t<div class=\"elementor-element elementor-element-271faae e-con-full e-flex e-con e-child\" data-id=\"271faae\" data-element_type=\"container\">\n\t\t\t\t<div class=\"elementor-element elementor-element-ba21c0f elementor-position-top elementor-widget elementor-widget-image-box\" data-id=\"ba21c0f\" data-element_type=\"widget\" data-widget_type=\"image-box.default\">\n\t\t\t\t\t<div class=\"elementor-image-box-wrapper\"><figure class=\"elementor-image-box-img\"><img loading=\"lazy\" decoding=\"async\" width=\"827\" height=\"970\" src=\"https:\/\/apsoluti-industria.com\/wp-content\/uploads\/2025\/12\/icono5.jpg\" class=\"attachment-full size-full wp-image-1797\" alt=\"\" srcset=\"https:\/\/apsoluti-industria.com\/wp-content\/uploads\/2025\/12\/icono5.jpg 827w, https:\/\/apsoluti-industria.com\/wp-content\/uploads\/2025\/12\/icono5-256x300.jpg 256w, https:\/\/apsoluti-industria.com\/wp-content\/uploads\/2025\/12\/icono5-768x901.jpg 768w\" sizes=\"(max-width: 827px) 100vw, 827px\" \/><\/figure><div class=\"elementor-image-box-content\"><h3 class=\"elementor-image-box-title\">Consolidaci\u00f3n, certificaci\u00f3n y cierre<\/h3><p class=\"elementor-image-box-description\">Revisi\u00f3n conjunta de avances con el participante y su l\u00edder directo. Identificaci\u00f3n de cambios sostenidos en el estilo de liderazgo y en la relaci\u00f3n con el equipo.<\/p><\/div><\/div>\t\t\t\t<\/div>\n\t\t\t\t<\/div>\n\t\t\t\t\t<\/div>\n\t\t\t\t<\/div>\n\t\t<div class=\"elementor-element elementor-element-3709473 e-flex e-con-boxed e-con e-parent\" data-id=\"3709473\" data-element_type=\"container\" data-settings=\"{&quot;background_background&quot;:&quot;classic&quot;}\">\n\t\t\t\t\t<div class=\"e-con-inner\">\n\t\t<div class=\"elementor-element elementor-element-dda13be e-con-full e-flex e-con e-child\" data-id=\"dda13be\" data-element_type=\"container\">\n\t\t\t\t<\/div>\n\t\t<div class=\"elementor-element elementor-element-545a497 e-con-full e-flex e-con e-child\" data-id=\"545a497\" data-element_type=\"container\">\n\t\t\t\t<div class=\"elementor-element elementor-element-d81d9ea elementor-widget elementor-widget-heading\" data-id=\"d81d9ea\" data-element_type=\"widget\" data-widget_type=\"heading.default\">\n\t\t\t\t\t<h2 class=\"elementor-heading-title elementor-size-default\">Aqui\u00e9n va dirigido<\/h2>\t\t\t\t<\/div>\n\t\t\t\t<div class=\"elementor-element elementor-element-f725b8f elementor-widget elementor-widget-text-editor\" data-id=\"f725b8f\" data-element_type=\"widget\" data-widget_type=\"text-editor.default\">\n\t\t\t\t\t\t\t\t\t<p>Este programa est\u00e1 dise\u00f1ado para jefes de f\u00e1brica, supervisores y profesionales que por su trabajo tienen que liderar y coordinar equipos ejecutores en plantas industriales, almacenes, laboratorios de calidad, desarrollo de productos e ingenier\u00eda.<\/p>\t\t\t\t\t\t\t\t<\/div>\n\t\t\t\t<\/div>\n\t\t<div class=\"elementor-element elementor-element-47b3f10 e-con-full e-flex e-con e-child\" data-id=\"47b3f10\" data-element_type=\"container\">\n\t\t\t\t<div class=\"elementor-element elementor-element-1beb08d elementor-widget elementor-widget-image\" data-id=\"1beb08d\" data-element_type=\"widget\" data-widget_type=\"image.default\">\n\t\t\t\t\t\t\t\t\t\t\t\t\t\t\t<img loading=\"lazy\" decoding=\"async\" width=\"1024\" height=\"683\" src=\"https:\/\/apsoluti-industria.com\/wp-content\/uploads\/2025\/12\/entrenamiento33-1024x683.jpg\" class=\"attachment-large size-large wp-image-1817\" alt=\"\" srcset=\"https:\/\/apsoluti-industria.com\/wp-content\/uploads\/2025\/12\/entrenamiento33-1024x683.jpg 1024w, https:\/\/apsoluti-industria.com\/wp-content\/uploads\/2025\/12\/entrenamiento33-300x200.jpg 300w, https:\/\/apsoluti-industria.com\/wp-content\/uploads\/2025\/12\/entrenamiento33-768x513.jpg 768w, https:\/\/apsoluti-industria.com\/wp-content\/uploads\/2025\/12\/entrenamiento33-1536x1025.jpg 1536w, https:\/\/apsoluti-industria.com\/wp-content\/uploads\/2025\/12\/entrenamiento33-2048x1367.jpg 2048w\" sizes=\"(max-width: 1024px) 100vw, 1024px\" \/>\t\t\t\t\t\t\t\t\t\t\t\t\t\t\t<\/div>\n\t\t\t\t<\/div>\n\t\t<div class=\"elementor-element elementor-element-7682225 e-con-full e-flex e-con e-child\" data-id=\"7682225\" data-element_type=\"container\">\n\t\t\t\t<\/div>\n\t\t\t\t\t<\/div>\n\t\t\t\t<\/div>\n\t\t<div class=\"elementor-element elementor-element-4851bc4 e-flex e-con-boxed e-con e-parent\" data-id=\"4851bc4\" data-element_type=\"container\" data-settings=\"{&quot;background_background&quot;:&quot;classic&quot;}\">\n\t\t\t\t\t<div class=\"e-con-inner\">\n\t\t<div class=\"elementor-element elementor-element-7b3d482 e-con-full e-flex e-con e-child\" data-id=\"7b3d482\" data-element_type=\"container\">\n\t\t\t\t<\/div>\n\t\t<div class=\"elementor-element elementor-element-ea2093b e-con-full e-flex e-con e-child\" data-id=\"ea2093b\" data-element_type=\"container\">\n\t\t\t\t<div class=\"elementor-element elementor-element-471313a elementor-widget elementor-widget-heading\" data-id=\"471313a\" data-element_type=\"widget\" data-widget_type=\"heading.default\">\n\t\t\t\t\t<h2 class=\"elementor-heading-title elementor-size-default\">Dise\u00f1o para su empresa<\/h2>\t\t\t\t<\/div>\n\t\t\t\t<div class=\"elementor-element elementor-element-703cefb elementor-widget elementor-widget-text-editor\" data-id=\"703cefb\" data-element_type=\"widget\" data-widget_type=\"text-editor.default\">\n\t\t\t\t\t\t\t\t\t<p>Este programa en formato \u00abIn company\u00bb lo dise\u00f1amos con ustedes, teniendo en cuenta sus objetivos de cambio, necesidades de desarrollo organizacional y retos nuevos y proyectos que ser\u00e1n desarrollados en el futuro, ya sean humanos, de gesti\u00f3n o tecnol\u00f3gicos.<\/p><p>Para esto, podemos tener una conversaci\u00f3n inicial para tomar contacto con sus objetivos en conjuntamente desarrollar el programa m\u00e1s adecuado para su empresa<\/p>\t\t\t\t\t\t\t\t<\/div>\n\t\t\t\t<div class=\"elementor-element elementor-element-6faaa4b elementor-align-center elementor-widget elementor-widget-button\" data-id=\"6faaa4b\" data-element_type=\"widget\" data-widget_type=\"button.default\">\n\t\t\t\t\t\t\t\t\t\t<a class=\"elementor-button elementor-button-link elementor-size-sm\" href=\"https:\/\/apsoluti.com\/contacto\/\" target=\"_blank\">\n\t\t\t\t\t\t<span class=\"elementor-button-content-wrapper\">\n\t\t\t\t\t\t\t\t\t<span class=\"elementor-button-text\">Conversemos ....<\/span>\n\t\t\t\t\t<\/span>\n\t\t\t\t\t<\/a>\n\t\t\t\t\t\t\t\t<\/div>\n\t\t\t\t<\/div>\n\t\t<div class=\"elementor-element elementor-element-42ce5cb e-con-full e-flex e-con e-child\" data-id=\"42ce5cb\" data-element_type=\"container\">\n\t\t\t\t<\/div>\n\t\t\t\t\t<\/div>\n\t\t\t\t<\/div>\n\t\t<div class=\"elementor-element elementor-element-d9a981f e-flex e-con-boxed e-con e-parent\" data-id=\"d9a981f\" data-element_type=\"container\">\n\t\t\t\t\t<div class=\"e-con-inner\">\n\t\t<div class=\"elementor-element elementor-element-b0e2c34 e-con-full e-flex e-con e-child\" data-id=\"b0e2c34\" data-element_type=\"container\">\n\t\t\t\t<\/div>\n\t\t<div class=\"elementor-element elementor-element-f1b77f3 e-con-full e-flex e-con e-child\" data-id=\"f1b77f3\" data-element_type=\"container\">\n\t\t\t\t<\/div>\n\t\t<div class=\"elementor-element elementor-element-ddf0253 e-con-full e-flex e-con e-child\" data-id=\"ddf0253\" data-element_type=\"container\">\n\t\t\t\t<\/div>\n\t\t<div class=\"elementor-element elementor-element-95053f7 e-con-full e-flex e-con e-child\" data-id=\"95053f7\" data-element_type=\"container\">\n\t\t\t\t<\/div>\n\t\t\t\t\t<\/div>\n\t\t\t\t<\/div>\n\t\t\t\t<\/div>\n\t\t","protected":false},"excerpt":{"rendered":"<p>TRANSFORMANDO LA CULTURA DE TRABAJO Coaching de Alto Impacto para Jefes y Supervisores de F\u00e1brica Desarrollo de competencias para l\u00edderes [&hellip;]<\/p>\n","protected":false},"author":1,"featured_media":0,"parent":0,"menu_order":0,"comment_status":"closed","ping_status":"closed","template":"","meta":{"site-sidebar-layout":"no-sidebar","site-content-layout":"","ast-site-content-layout":"full-width-container","site-content-style":"default","site-sidebar-style":"default","ast-global-header-display":"","ast-banner-title-visibility":"","ast-main-header-display":"","ast-hfb-above-header-display":"","ast-hfb-below-header-display":"","ast-hfb-mobile-header-display":"","site-post-title":"disabled","ast-breadcrumbs-content":"","ast-featured-img":"disabled","footer-sml-layout":"","ast-disable-related-posts":"","theme-transparent-header-meta":"default","adv-header-id-meta":"","stick-header-meta":"","header-above-stick-meta":"","header-main-stick-meta":"","header-below-stick-meta":"","astra-migrate-meta-layouts":"set","ast-page-background-enabled":"default","ast-page-background-meta":{"desktop":{"background-color":"var(--ast-global-color-5)","background-image":"","background-repeat":"repeat","background-position":"center center","background-size":"auto","background-attachment":"scroll","background-type":"","background-media":"","overlay-type":"","overlay-color":"","overlay-opacity":"","overlay-gradient":""},"tablet":{"background-color":"","background-image":"","background-repeat":"repeat","background-position":"center center","background-size":"auto","background-attachment":"scroll","background-type":"","background-media":"","overlay-type":"","overlay-color":"","overlay-opacity":"","overlay-gradient":""},"mobile":{"background-color":"","background-image":"","background-repeat":"repeat","background-position":"center center","background-size":"auto","background-attachment":"scroll","background-type":"","background-media":"","overlay-type":"","overlay-color":"","overlay-opacity":"","overlay-gradient":""}},"ast-content-background-meta":{"desktop":{"background-color":"var(--ast-global-color-4)","background-image":"","background-repeat":"repeat","background-position":"center center","background-size":"auto","background-attachment":"scroll","background-type":"","background-media":"","overlay-type":"","overlay-color":"","overlay-opacity":"","overlay-gradient":""},"tablet":{"background-color":"var(--ast-global-color-4)","background-image":"","background-repeat":"repeat","background-position":"center center","background-size":"auto","background-attachment":"scroll","background-type":"","background-media":"","overlay-type":"","overlay-color":"","overlay-opacity":"","overlay-gradient":""},"mobile":{"background-color":"var(--ast-global-color-4)","background-image":"","background-repeat":"repeat","background-position":"center center","background-size":"auto","background-attachment":"scroll","background-type":"","background-media":"","overlay-type":"","overlay-color":"","overlay-opacity":"","overlay-gradient":""}},"footnotes":""},"class_list":["post-34","page","type-page","status-publish","hentry"],"_links":{"self":[{"href":"https:\/\/apsoluti-industria.com\/index.php\/wp-json\/wp\/v2\/pages\/34","targetHints":{"allow":["GET"]}}],"collection":[{"href":"https:\/\/apsoluti-industria.com\/index.php\/wp-json\/wp\/v2\/pages"}],"about":[{"href":"https:\/\/apsoluti-industria.com\/index.php\/wp-json\/wp\/v2\/types\/page"}],"author":[{"embeddable":true,"href":"https:\/\/apsoluti-industria.com\/index.php\/wp-json\/wp\/v2\/users\/1"}],"replies":[{"embeddable":true,"href":"https:\/\/apsoluti-industria.com\/index.php\/wp-json\/wp\/v2\/comments?post=34"}],"version-history":[{"count":124,"href":"https:\/\/apsoluti-industria.com\/index.php\/wp-json\/wp\/v2\/pages\/34\/revisions"}],"predecessor-version":[{"id":1863,"href":"https:\/\/apsoluti-industria.com\/index.php\/wp-json\/wp\/v2\/pages\/34\/revisions\/1863"}],"wp:attachment":[{"href":"https:\/\/apsoluti-industria.com\/index.php\/wp-json\/wp\/v2\/media?parent=34"}],"curies":[{"name":"wp","href":"https:\/\/api.w.org\/{rel}","templated":true}]}}