{"id":612,"date":"2025-12-13T07:40:18","date_gmt":"2025-12-13T07:40:18","guid":{"rendered":"https:\/\/apsoluti-industria.com\/?page_id=612"},"modified":"2026-02-17T11:01:03","modified_gmt":"2026-02-17T11:01:03","slug":"excelencia-operacional","status":"publish","type":"page","link":"https:\/\/apsoluti-industria.com\/index.php\/excelencia-operacional\/","title":{"rendered":"excelencia-operacional"},"content":{"rendered":"\t\t<div data-elementor-type=\"wp-page\" data-elementor-id=\"612\" class=\"elementor elementor-612\" data-elementor-post-type=\"page\">\n\t\t\t\t\t\t<section class=\"elementor-section elementor-top-section elementor-element elementor-element-772482f elementor-section-content-middle elementor-section-boxed elementor-section-height-default elementor-section-height-default\" data-id=\"772482f\" data-element_type=\"section\" data-settings=\"{&quot;background_background&quot;:&quot;classic&quot;}\">\n\t\t\t\t\t\t<div class=\"elementor-container elementor-column-gap-default\">\n\t\t\t\t\t<div class=\"elementor-column elementor-col-50 elementor-top-column elementor-element elementor-element-9ed2e48\" data-id=\"9ed2e48\" data-element_type=\"column\">\n\t\t\t<div class=\"elementor-widget-wrap elementor-element-populated\">\n\t\t\t\t\t\t<div class=\"elementor-element elementor-element-5732dd7 elementor-widget elementor-widget-image\" data-id=\"5732dd7\" data-element_type=\"widget\" data-widget_type=\"image.default\">\n\t\t\t\t\t\t\t\t\t\t\t\t\t\t\t<img decoding=\"async\" src=\"https:\/\/apsoluti-industria.com\/wp-content\/uploads\/elementor\/thumbs\/hoshin-managers-scaled-rgdphyu4nupmufwtwmyf3cy4dq0spcnc5unikns290.jpg\" title=\"hoshin-managers\" alt=\"hoshin-managers\" loading=\"lazy\" \/>\t\t\t\t\t\t\t\t\t\t\t\t\t\t\t<\/div>\n\t\t\t\t\t<\/div>\n\t\t<\/div>\n\t\t\t\t<div class=\"elementor-column elementor-col-50 elementor-top-column elementor-element elementor-element-a7caa0d\" data-id=\"a7caa0d\" data-element_type=\"column\">\n\t\t\t<div class=\"elementor-widget-wrap elementor-element-populated\">\n\t\t\t\t\t\t<div class=\"elementor-element elementor-element-88895ef elementor-widget elementor-widget-heading\" data-id=\"88895ef\" data-element_type=\"widget\" data-widget_type=\"heading.default\">\n\t\t\t\t\t<h2 class=\"elementor-heading-title elementor-size-default\">Fortaleciendo capacidades directivas para liderar<br> la Excelencia Operacional<\/h2>\t\t\t\t<\/div>\n\t\t\t\t<div class=\"elementor-element elementor-element-9d99cf6 elementor-widget elementor-widget-heading\" data-id=\"9d99cf6\" data-element_type=\"widget\" data-widget_type=\"heading.default\">\n\t\t\t\t\t<h1 class=\"elementor-heading-title elementor-size-default\">Arquitectura de Excelencia Operacional: Transformando la forma de operar tu industria<\/h1>\t\t\t\t<\/div>\n\t\t\t\t<div class=\"elementor-element elementor-element-d6da518 elementor-widget elementor-widget-heading\" data-id=\"d6da518\" data-element_type=\"widget\" data-widget_type=\"heading.default\">\n\t\t\t\t\t<h2 class=\"elementor-heading-title elementor-size-default\">Estrategia, transformaci\u00f3n y ejecuci\u00f3n<\/h2>\t\t\t\t<\/div>\n\t\t\t\t<div class=\"elementor-element elementor-element-1adfc0a elementor-widget-divider--view-line elementor-widget elementor-widget-divider\" data-id=\"1adfc0a\" data-element_type=\"widget\" data-widget_type=\"divider.default\">\n\t\t\t\t\t\t\t<div class=\"elementor-divider\">\n\t\t\t<span class=\"elementor-divider-separator\">\n\t\t\t\t\t\t<\/span>\n\t\t<\/div>\n\t\t\t\t\t\t<\/div>\n\t\t\t\t<div class=\"elementor-element elementor-element-fe2bf66 elementor-widget elementor-widget-text-editor\" data-id=\"fe2bf66\" data-element_type=\"widget\" data-widget_type=\"text-editor.default\">\n\t\t\t\t\t\t\t\t\t<p>La Excelencia Operacional permite a las organizaciones ejecutar su estrategia con consistencia, eficiencia y orientaci\u00f3n al cliente. A trav\u00e9s de un enfoque integral de transformaci\u00f3n industrial, acompa\u00f1amos a l\u00edderes y equipos en el fortalecimiento de sus ventajas competitivas, la optimizaci\u00f3n de procesos, el desarrollo de una cultura de alto desempe\u00f1o y el alineamiento de las personas con los objetivos estrat\u00e9gicos del negocio. Esta arquitectura de cambio garantiza resultados sostenibles y medibles a lo largo del tiempo.<\/p>\t\t\t\t\t\t\t\t<\/div>\n\t\t\t\t\t<\/div>\n\t\t<\/div>\n\t\t\t\t\t<\/div>\n\t\t<\/section>\n\t\t<div class=\"elementor-element elementor-element-54ed717 e-flex e-con-boxed e-con e-parent\" data-id=\"54ed717\" data-element_type=\"container\" data-settings=\"{&quot;background_background&quot;:&quot;classic&quot;}\">\n\t\t\t\t\t<div class=\"e-con-inner\">\n\t\t<div class=\"elementor-element elementor-element-577432c e-con-full e-flex e-con e-child\" data-id=\"577432c\" data-element_type=\"container\">\n\t\t\t\t<\/div>\n\t\t<div class=\"elementor-element elementor-element-17e6ac2 e-con-full e-flex e-con e-child\" data-id=\"17e6ac2\" data-element_type=\"container\">\n\t\t\t\t<div class=\"elementor-element elementor-element-e2edd03 elementor-widget elementor-widget-text-editor\" data-id=\"e2edd03\" data-element_type=\"widget\" data-widget_type=\"text-editor.default\">\n\t\t\t\t\t\t\t\t\t<p>La <strong>Excelencia Operacional<\/strong> integra principios de direcci\u00f3n y organizaci\u00f3n centrados en el prop\u00f3sito, alineando a toda la organizaci\u00f3n en las prioridades cr\u00edticas para alcanzar resultados sobresalientes. Impulsa una cultura de disciplina operacional basada en la <strong>confianza, conversaciones efectivas y una gesti\u00f3n rigurosa de compromisos<\/strong>, reconociendo y potenciando la capacidad emprendedora de las personas.<\/p><p>La mejora continua de los procesos se desarrolla mediante la integraci\u00f3n de enfoques como TPM, Lean Management y Agile Process, construyendo equipos autodirigidos capaces de optimizar de forma permanente el desempe\u00f1o del negocio.<\/p>\t\t\t\t\t\t\t\t<\/div>\n\t\t\t\t<\/div>\n\t\t<div class=\"elementor-element elementor-element-19d760b e-con-full e-flex e-con e-child\" data-id=\"19d760b\" data-element_type=\"container\">\n\t\t\t\t<\/div>\n\t\t\t\t\t<\/div>\n\t\t\t\t<\/div>\n\t\t<div class=\"elementor-element elementor-element-920165e e-flex e-con-boxed e-con e-parent\" data-id=\"920165e\" data-element_type=\"container\">\n\t\t\t\t\t<div class=\"e-con-inner\">\n\t\t<div class=\"elementor-element elementor-element-248393e e-con-full e-flex e-con e-child\" data-id=\"248393e\" data-element_type=\"container\">\n\t\t\t\t<\/div>\n\t\t<div class=\"elementor-element elementor-element-4e6fc7f e-con-full e-flex e-con e-child\" data-id=\"4e6fc7f\" data-element_type=\"container\">\n\t\t\t\t<div class=\"elementor-element elementor-element-796c7fa elementor-widget elementor-widget-heading\" data-id=\"796c7fa\" data-element_type=\"widget\" data-widget_type=\"heading.default\">\n\t\t\t\t\t<h2 class=\"elementor-heading-title elementor-size-default\">Procesos que acompa\u00f1amos<\/h2>\t\t\t\t<\/div>\n\t\t\t\t<div class=\"elementor-element elementor-element-ffd84e6 elementor-icon-list--layout-traditional elementor-list-item-link-full_width elementor-widget elementor-widget-icon-list\" data-id=\"ffd84e6\" data-element_type=\"widget\" data-widget_type=\"icon-list.default\">\n\t\t\t\t\t\t\t<ul class=\"elementor-icon-list-items\">\n\t\t\t\t\t\t\t<li class=\"elementor-icon-list-item\">\n\t\t\t\t\t\t\t\t\t\t\t<span class=\"elementor-icon-list-icon\">\n\t\t\t\t\t\t\t<svg aria-hidden=\"true\" class=\"e-font-icon-svg e-fas-chevron-circle-right\" viewBox=\"0 0 512 512\" xmlns=\"http:\/\/www.w3.org\/2000\/svg\"><path d=\"M256 8c137 0 248 111 248 248S393 504 256 504 8 393 8 256 119 8 256 8zm113.9 231L234.4 103.5c-9.4-9.4-24.6-9.4-33.9 0l-17 17c-9.4 9.4-9.4 24.6 0 33.9L285.1 256 183.5 357.6c-9.4 9.4-9.4 24.6 0 33.9l17 17c9.4 9.4 24.6 9.4 33.9 0L369.9 273c9.4-9.4 9.4-24.6 0-34z\"><\/path><\/svg>\t\t\t\t\t\t<\/span>\n\t\t\t\t\t\t\t\t\t\t<span class=\"elementor-icon-list-text\"><b>Despliegue de la estrategia.<\/b> El despliegue de pol\u00edticas es un proceso que alinea y une la estrategia de empresa y la ejecuci\u00f3n. Es un proceso que traslada las iniciativas estrat\u00e9gicas de mejora en compromisos y metas anuales medibles.<\/span>\n\t\t\t\t\t\t\t\t\t<\/li>\n\t\t\t\t\t\t\t\t<li class=\"elementor-icon-list-item\">\n\t\t\t\t\t\t\t\t\t\t\t<span class=\"elementor-icon-list-icon\">\n\t\t\t\t\t\t\t<svg aria-hidden=\"true\" class=\"e-font-icon-svg e-fas-chevron-circle-right\" viewBox=\"0 0 512 512\" xmlns=\"http:\/\/www.w3.org\/2000\/svg\"><path d=\"M256 8c137 0 248 111 248 248S393 504 256 504 8 393 8 256 119 8 256 8zm113.9 231L234.4 103.5c-9.4-9.4-24.6-9.4-33.9 0l-17 17c-9.4 9.4-9.4 24.6 0 33.9L285.1 256 183.5 357.6c-9.4 9.4-9.4 24.6 0 33.9l17 17c9.4 9.4 24.6 9.4 33.9 0L369.9 273c9.4-9.4 9.4-24.6 0-34z\"><\/path><\/svg>\t\t\t\t\t\t<\/span>\n\t\t\t\t\t\t\t\t\t\t<span class=\"elementor-icon-list-text\"><b>Gesti\u00f3n efectiva del trabajo.<\/b> El diagn\u00f3stico y seguimiento peri\u00f3dico, como la anticipaci\u00f3n a los \"quiebres\" (situaciones que tienen el potencial de poner en riesgo un resultado esperado) aseguran el logro de resultados extraordinarios.<\/span>\n\t\t\t\t\t\t\t\t\t<\/li>\n\t\t\t\t\t\t\t\t<li class=\"elementor-icon-list-item\">\n\t\t\t\t\t\t\t\t\t\t\t<span class=\"elementor-icon-list-icon\">\n\t\t\t\t\t\t\t<svg aria-hidden=\"true\" class=\"e-font-icon-svg e-fas-chevron-circle-right\" viewBox=\"0 0 512 512\" xmlns=\"http:\/\/www.w3.org\/2000\/svg\"><path d=\"M256 8c137 0 248 111 248 248S393 504 256 504 8 393 8 256 119 8 256 8zm113.9 231L234.4 103.5c-9.4-9.4-24.6-9.4-33.9 0l-17 17c-9.4 9.4-9.4 24.6 0 33.9L285.1 256 183.5 357.6c-9.4 9.4-9.4 24.6 0 33.9l17 17c9.4 9.4 24.6 9.4 33.9 0L369.9 273c9.4-9.4 9.4-24.6 0-34z\"><\/path><\/svg>\t\t\t\t\t\t<\/span>\n\t\t\t\t\t\t\t\t\t\t<span class=\"elementor-icon-list-text\"><b>Construcci\u00f3n de Procesos Excelentes.<\/b> Procesos de ejecuci\u00f3n bien dise\u00f1ados y efectivos construidos con metodolog\u00edas \"World Class\".<\/span>\n\t\t\t\t\t\t\t\t\t<\/li>\n\t\t\t\t\t\t\t\t<li class=\"elementor-icon-list-item\">\n\t\t\t\t\t\t\t\t\t\t\t<span class=\"elementor-icon-list-icon\">\n\t\t\t\t\t\t\t<svg aria-hidden=\"true\" class=\"e-font-icon-svg e-fas-chevron-circle-right\" viewBox=\"0 0 512 512\" xmlns=\"http:\/\/www.w3.org\/2000\/svg\"><path d=\"M256 8c137 0 248 111 248 248S393 504 256 504 8 393 8 256 119 8 256 8zm113.9 231L234.4 103.5c-9.4-9.4-24.6-9.4-33.9 0l-17 17c-9.4 9.4-9.4 24.6 0 33.9L285.1 256 183.5 357.6c-9.4 9.4-9.4 24.6 0 33.9l17 17c9.4 9.4 24.6 9.4 33.9 0L369.9 273c9.4-9.4 9.4-24.6 0-34z\"><\/path><\/svg>\t\t\t\t\t\t<\/span>\n\t\t\t\t\t\t\t\t\t\t<span class=\"elementor-icon-list-text\"><b>Ejecuci\u00f3n impecable.<\/b> La Excelencia Operacional se obtiene con personas comprometidas, competentes, con capacidad emprendedora y conscientes del prop\u00f3sito a alcanzar.<\/span>\n\t\t\t\t\t\t\t\t\t<\/li>\n\t\t\t\t\t\t<\/ul>\n\t\t\t\t\t\t<\/div>\n\t\t\t\t<\/div>\n\t\t<div class=\"elementor-element elementor-element-60de1e1 e-con-full e-flex e-con e-child\" data-id=\"60de1e1\" data-element_type=\"container\">\n\t\t\t\t<div class=\"elementor-element elementor-element-21c449a elementor-widget elementor-widget-image\" data-id=\"21c449a\" data-element_type=\"widget\" data-widget_type=\"image.default\">\n\t\t\t\t\t\t\t\t\t\t\t\t\t\t\t<img fetchpriority=\"high\" decoding=\"async\" width=\"707\" height=\"679\" src=\"https:\/\/apsoluti-industria.com\/wp-content\/uploads\/2025\/12\/EXCELENCIA-OPERACIONAL.jpg\" class=\"attachment-large size-large wp-image-1916\" alt=\"\" srcset=\"https:\/\/apsoluti-industria.com\/wp-content\/uploads\/2025\/12\/EXCELENCIA-OPERACIONAL.jpg 707w, https:\/\/apsoluti-industria.com\/wp-content\/uploads\/2025\/12\/EXCELENCIA-OPERACIONAL-300x288.jpg 300w\" sizes=\"(max-width: 707px) 100vw, 707px\" \/>\t\t\t\t\t\t\t\t\t\t\t\t\t\t\t<\/div>\n\t\t\t\t<\/div>\n\t\t<div class=\"elementor-element elementor-element-dea9b1e e-con-full e-flex e-con e-child\" data-id=\"dea9b1e\" data-element_type=\"container\">\n\t\t\t\t<\/div>\n\t\t\t\t\t<\/div>\n\t\t\t\t<\/div>\n\t\t<div class=\"elementor-element elementor-element-e49457b e-flex e-con-boxed e-con e-parent\" data-id=\"e49457b\" data-element_type=\"container\">\n\t\t\t\t\t<div class=\"e-con-inner\">\n\t\t\t\t<div class=\"elementor-element elementor-element-9510990 elementor-widget-divider--view-line elementor-widget elementor-widget-divider\" data-id=\"9510990\" data-element_type=\"widget\" data-widget_type=\"divider.default\">\n\t\t\t\t\t\t\t<div class=\"elementor-divider\">\n\t\t\t<span class=\"elementor-divider-separator\">\n\t\t\t\t\t\t<\/span>\n\t\t<\/div>\n\t\t\t\t\t\t<\/div>\n\t\t\t\t\t<\/div>\n\t\t\t\t<\/div>\n\t\t<div class=\"elementor-element elementor-element-49bb141 e-flex e-con-boxed e-con e-parent\" data-id=\"49bb141\" data-element_type=\"container\">\n\t\t\t\t\t<div class=\"e-con-inner\">\n\t\t<div class=\"elementor-element elementor-element-03f2063 e-con-full e-flex e-con e-child\" data-id=\"03f2063\" data-element_type=\"container\">\n\t\t\t\t<\/div>\n\t\t<div class=\"elementor-element elementor-element-326e46f e-con-full e-flex e-con e-child\" data-id=\"326e46f\" data-element_type=\"container\">\n\t\t\t\t<div class=\"elementor-element elementor-element-d9f32a1 elementor-widget elementor-widget-heading\" data-id=\"d9f32a1\" data-element_type=\"widget\" data-widget_type=\"heading.default\">\n\t\t\t\t\t<h2 class=\"elementor-heading-title elementor-size-default\">Acciones clave del proceso<\/h2>\t\t\t\t<\/div>\n\t\t\t\t<div class=\"elementor-element elementor-element-c86aa32 elementor-widget elementor-widget-text-editor\" data-id=\"c86aa32\" data-element_type=\"widget\" data-widget_type=\"text-editor.default\">\n\t\t\t\t\t\t\t\t\t<p>El desarrollo efectivo de la Excelencia Operacional en una compa\u00f1\u00eda implica implantar en forma balanceada los siguientes tres tipos de iniciativas.\u00a0<\/p><ul><li>Introducir nuevas pr\u00e1cticas de management\u00a0excelente fundamentado en la eficacia, coherencia y movilizaci\u00f3n de las personas de la compa\u00f1\u00eda.\u00a0<\/li><li>Desarrollar una cultura de trabajo\u00a0que ponga como foco la satisfacci\u00f3n plena de los clientes, la coordinaci\u00f3n efectiva de acciones y el crecimiento de las personas.\u00a0<\/li><li>Emplear en forma sistem\u00e1tica\u00a0m\u00e9todolog\u00edas de mejora continua y tecnolog\u00edas que busquen la perfecci\u00f3n de los procesos del negocio.<\/li><\/ul><p>\u00a0<\/p><p>\u00a0<\/p>\t\t\t\t\t\t\t\t<\/div>\n\t\t\t\t<\/div>\n\t\t<div class=\"elementor-element elementor-element-7381908 e-con-full e-flex e-con e-child\" data-id=\"7381908\" data-element_type=\"container\">\n\t\t\t\t<\/div>\n\t\t<div class=\"elementor-element elementor-element-50a8da2 e-con-full e-flex e-con e-child\" data-id=\"50a8da2\" data-element_type=\"container\">\n\t\t\t\t<div class=\"elementor-element elementor-element-4fdec6c elementor-widget elementor-widget-image\" data-id=\"4fdec6c\" data-element_type=\"widget\" data-widget_type=\"image.default\">\n\t\t\t\t\t\t\t\t\t\t\t\t\t\t\t<img decoding=\"async\" width=\"1024\" height=\"616\" src=\"https:\/\/apsoluti-industria.com\/wp-content\/uploads\/2025\/12\/opexmodelo-1024x616.jpg\" class=\"attachment-large size-large wp-image-1951\" alt=\"\" srcset=\"https:\/\/apsoluti-industria.com\/wp-content\/uploads\/2025\/12\/opexmodelo-1024x616.jpg 1024w, https:\/\/apsoluti-industria.com\/wp-content\/uploads\/2025\/12\/opexmodelo-300x180.jpg 300w, https:\/\/apsoluti-industria.com\/wp-content\/uploads\/2025\/12\/opexmodelo-768x462.jpg 768w, https:\/\/apsoluti-industria.com\/wp-content\/uploads\/2025\/12\/opexmodelo.jpg 1266w\" sizes=\"(max-width: 1024px) 100vw, 1024px\" \/>\t\t\t\t\t\t\t\t\t\t\t\t\t\t\t<\/div>\n\t\t\t\t<\/div>\n\t\t\t\t\t<\/div>\n\t\t\t\t<\/div>\n\t\t<div class=\"elementor-element elementor-element-b0ff83d e-flex e-con-boxed e-con e-parent\" data-id=\"b0ff83d\" data-element_type=\"container\">\n\t\t\t\t\t<div class=\"e-con-inner\">\n\t\t\t\t<div class=\"elementor-element elementor-element-8a15ef6 elementor-widget-divider--view-line elementor-widget elementor-widget-divider\" data-id=\"8a15ef6\" data-element_type=\"widget\" data-widget_type=\"divider.default\">\n\t\t\t\t\t\t\t<div class=\"elementor-divider\">\n\t\t\t<span class=\"elementor-divider-separator\">\n\t\t\t\t\t\t<\/span>\n\t\t<\/div>\n\t\t\t\t\t\t<\/div>\n\t\t\t\t\t<\/div>\n\t\t\t\t<\/div>\n\t\t<div class=\"elementor-element elementor-element-ac719ab e-flex e-con-boxed e-con e-parent\" data-id=\"ac719ab\" data-element_type=\"container\">\n\t\t\t\t\t<div class=\"e-con-inner\">\n\t\t<div class=\"elementor-element elementor-element-0802c0f e-con-full e-flex e-con e-child\" data-id=\"0802c0f\" data-element_type=\"container\">\n\t\t\t\t<\/div>\n\t\t<div class=\"elementor-element elementor-element-c09842c e-con-full e-flex e-con e-child\" data-id=\"c09842c\" data-element_type=\"container\">\n\t\t\t\t<div class=\"elementor-element elementor-element-35e0b5f elementor-widget elementor-widget-heading\" data-id=\"35e0b5f\" data-element_type=\"widget\" data-widget_type=\"heading.default\">\n\t\t\t\t\t<h2 class=\"elementor-heading-title elementor-size-default\">Plan de acompa\u00f1amiento sugerido<\/h2>\t\t\t\t<\/div>\n\t\t\t\t<\/div>\n\t\t<div class=\"elementor-element elementor-element-fe8b1c6 e-con-full e-flex e-con e-child\" data-id=\"fe8b1c6\" data-element_type=\"container\">\n\t\t\t\t<\/div>\n\t\t\t\t\t<\/div>\n\t\t\t\t<\/div>\n\t\t<div class=\"elementor-element elementor-element-95a4e5c e-flex e-con-boxed e-con e-parent\" data-id=\"95a4e5c\" data-element_type=\"container\">\n\t\t\t\t\t<div class=\"e-con-inner\">\n\t\t<div class=\"elementor-element elementor-element-8aa3c42 e-con-full e-flex e-con e-child\" data-id=\"8aa3c42\" data-element_type=\"container\">\n\t\t\t\t<\/div>\n\t\t<div class=\"elementor-element elementor-element-c079ddb e-con-full e-flex e-con e-child\" data-id=\"c079ddb\" data-element_type=\"container\">\n\t\t\t\t<div class=\"elementor-element elementor-element-0953a8d elementor-widget elementor-widget-image\" data-id=\"0953a8d\" data-element_type=\"widget\" data-widget_type=\"image.default\">\n\t\t\t\t\t\t\t\t\t\t\t\t\t\t\t<img decoding=\"async\" width=\"1024\" height=\"355\" src=\"https:\/\/apsoluti-industria.com\/wp-content\/uploads\/2025\/12\/plan_trabajo-1024x355.png\" class=\"attachment-large size-large wp-image-1975\" alt=\"\" srcset=\"https:\/\/apsoluti-industria.com\/wp-content\/uploads\/2025\/12\/plan_trabajo-1024x355.png 1024w, https:\/\/apsoluti-industria.com\/wp-content\/uploads\/2025\/12\/plan_trabajo-300x104.png 300w, https:\/\/apsoluti-industria.com\/wp-content\/uploads\/2025\/12\/plan_trabajo-768x267.png 768w, https:\/\/apsoluti-industria.com\/wp-content\/uploads\/2025\/12\/plan_trabajo.png 1423w\" sizes=\"(max-width: 1024px) 100vw, 1024px\" \/>\t\t\t\t\t\t\t\t\t\t\t\t\t\t\t<\/div>\n\t\t\t\t<div class=\"elementor-element elementor-element-65075bb elementor-align-center elementor-widget elementor-widget-button\" data-id=\"65075bb\" data-element_type=\"widget\" data-widget_type=\"button.default\">\n\t\t\t\t\t\t\t\t\t\t<a class=\"elementor-button elementor-button-link elementor-size-sm\" href=\"https:\/\/apsoluti.com\/contacto\/\" target=\"_blank\">\n\t\t\t\t\t\t<span class=\"elementor-button-content-wrapper\">\n\t\t\t\t\t\t\t\t\t<span class=\"elementor-button-text\">Dise\u00f1emos conjuntamente el programa para su empresa ....<\/span>\n\t\t\t\t\t<\/span>\n\t\t\t\t\t<\/a>\n\t\t\t\t\t\t\t\t<\/div>\n\t\t\t\t<\/div>\n\t\t<div class=\"elementor-element elementor-element-b24413f e-con-full e-flex e-con e-child\" data-id=\"b24413f\" data-element_type=\"container\">\n\t\t\t\t<\/div>\n\t\t\t\t\t<\/div>\n\t\t\t\t<\/div>\n\t\t<div class=\"elementor-element elementor-element-897a979 e-flex e-con-boxed e-con e-parent\" data-id=\"897a979\" data-element_type=\"container\">\n\t\t\t\t\t<div class=\"e-con-inner\">\n\t\t<div class=\"elementor-element elementor-element-9e409e5 e-con-full e-flex e-con e-child\" data-id=\"9e409e5\" data-element_type=\"container\">\n\t\t\t\t<\/div>\n\t\t<div class=\"elementor-element elementor-element-06ea8a2 e-con-full e-flex e-con e-child\" data-id=\"06ea8a2\" data-element_type=\"container\">\n\t\t\t\t<div class=\"elementor-element elementor-element-ac6d7e3 elementor-widget elementor-widget-text-editor\" data-id=\"ac6d7e3\" data-element_type=\"widget\" data-widget_type=\"text-editor.default\">\n\t\t\t\t\t\t\t\t\t<p data-start=\"287\" data-end=\"775\">Nuestros servicios comienzan con un <strong data-start=\"323\" data-end=\"445\">an\u00e1lisis profundo de las iniciativas de mejora existentes y de las necesidades estrat\u00e9gicas futuras de la organizaci\u00f3n<\/strong>. A partir de este diagn\u00f3stico, acompa\u00f1amos a su equipo en el <strong data-start=\"507\" data-end=\"578\">dise\u00f1o y despliegue de un modelo integral de Excelencia Operacional<\/strong>, capaz de integrar y potenciar las iniciativas en curso, definir nuevos horizontes de transformaci\u00f3n y establecer estrategias efectivas para implantar el sistema de manera sostenible y duradera.<\/p><p data-start=\"777\" data-end=\"1247\">Trabajamos con l\u00edderes y equipos en el <strong data-start=\"816\" data-end=\"904\">fortalecimiento de competencias de gesti\u00f3n, toma de decisiones y liderazgo operativo<\/strong>, fomentando la <strong data-start=\"920\" data-end=\"984\">responsabilidad, la colaboraci\u00f3n y la capacidad emprendedora<\/strong>. Coaches certificados por la ICF \u2013 International Coach Federation facilitan el desarrollo de un <strong data-start=\"1081\" data-end=\"1107\">nuevo enfoque cultural<\/strong> que alinea personas, procesos y estrategia, asegurando que el cambio no sea puntual, sino parte de la forma de operar de la organizaci\u00f3n.<\/p><p data-start=\"1249\" data-end=\"1610\">Nuestro equipo de consultores, con experiencia internacional y miembros de Kenshu (red de exbecarios de instituciones japonesas), acompa\u00f1a la <strong data-start=\"1391\" data-end=\"1518\">aplicaci\u00f3n de t\u00e9cnicas avanzadas para elevar la productividad, optimizar procesos y consolidar pr\u00e1cticas de mejora continua<\/strong>, garantizando que la transformaci\u00f3n se traduzca en <strong data-start=\"1570\" data-end=\"1607\">resultados sostenibles y medibles<\/strong>.<\/p>\t\t\t\t\t\t\t\t<\/div>\n\t\t\t\t<\/div>\n\t\t<div class=\"elementor-element elementor-element-fb635cc e-con-full e-flex e-con e-child\" data-id=\"fb635cc\" data-element_type=\"container\">\n\t\t\t\t<\/div>\n\t\t\t\t\t<\/div>\n\t\t\t\t<\/div>\n\t\t<div class=\"elementor-element elementor-element-c60c4e1 e-flex e-con-boxed e-con e-parent\" data-id=\"c60c4e1\" data-element_type=\"container\">\n\t\t\t\t\t<div class=\"e-con-inner\">\n\t\t<div class=\"elementor-element elementor-element-2f10419 e-con-full e-flex e-con e-child\" data-id=\"2f10419\" data-element_type=\"container\">\n\t\t\t\t<\/div>\n\t\t<div class=\"elementor-element elementor-element-3f5b35a e-con-full e-flex e-con e-child\" data-id=\"3f5b35a\" data-element_type=\"container\">\n\t\t\t\t<\/div>\n\t\t<div class=\"elementor-element elementor-element-796de0d e-con-full e-flex e-con e-child\" data-id=\"796de0d\" data-element_type=\"container\">\n\t\t\t\t<\/div>\n\t\t<div class=\"elementor-element elementor-element-3ac006f e-con-full e-flex e-con e-child\" data-id=\"3ac006f\" data-element_type=\"container\">\n\t\t\t\t<\/div>\n\t\t\t\t\t<\/div>\n\t\t\t\t<\/div>\n\t\t\t\t<\/div>\n\t\t","protected":false},"excerpt":{"rendered":"<p>Fortaleciendo capacidades directivas para liderar la Excelencia Operacional Arquitectura de Excelencia Operacional: Transformando la forma de operar tu industria Estrategia, [&hellip;]<\/p>\n","protected":false},"author":1,"featured_media":0,"parent":0,"menu_order":0,"comment_status":"closed","ping_status":"closed","template":"","meta":{"site-sidebar-layout":"no-sidebar","site-content-layout":"","ast-site-content-layout":"full-width-container","site-content-style":"default","site-sidebar-style":"default","ast-global-header-display":"","ast-banner-title-visibility":"","ast-main-header-display":"","ast-hfb-above-header-display":"","ast-hfb-below-header-display":"","ast-hfb-mobile-header-display":"","site-post-title":"disabled","ast-breadcrumbs-content":"","ast-featured-img":"disabled","footer-sml-layout":"","ast-disable-related-posts":"","theme-transparent-header-meta":"default","adv-header-id-meta":"","stick-header-meta":"","header-above-stick-meta":"","header-main-stick-meta":"","header-below-stick-meta":"","astra-migrate-meta-layouts":"set","ast-page-background-enabled":"default","ast-page-background-meta":{"desktop":{"background-color":"var(--ast-global-color-5)","background-image":"","background-repeat":"repeat","background-position":"center center","background-size":"auto","background-attachment":"scroll","background-type":"","background-media":"","overlay-type":"","overlay-color":"","overlay-opacity":"","overlay-gradient":""},"tablet":{"background-color":"","background-image":"","background-repeat":"repeat","background-position":"center center","background-size":"auto","background-attachment":"scroll","background-type":"","background-media":"","overlay-type":"","overlay-color":"","overlay-opacity":"","overlay-gradient":""},"mobile":{"background-color":"","background-image":"","background-repeat":"repeat","background-position":"center center","background-size":"auto","background-attachment":"scroll","background-type":"","background-media":"","overlay-type":"","overlay-color":"","overlay-opacity":"","overlay-gradient":""}},"ast-content-background-meta":{"desktop":{"background-color":"var(--ast-global-color-4)","background-image":"","background-repeat":"repeat","background-position":"center center","background-size":"auto","background-attachment":"scroll","background-type":"","background-media":"","overlay-type":"","overlay-color":"","overlay-opacity":"","overlay-gradient":""},"tablet":{"background-color":"var(--ast-global-color-4)","background-image":"","background-repeat":"repeat","background-position":"center center","background-size":"auto","background-attachment":"scroll","background-type":"","background-media":"","overlay-type":"","overlay-color":"","overlay-opacity":"","overlay-gradient":""},"mobile":{"background-color":"var(--ast-global-color-4)","background-image":"","background-repeat":"repeat","background-position":"center center","background-size":"auto","background-attachment":"scroll","background-type":"","background-media":"","overlay-type":"","overlay-color":"","overlay-opacity":"","overlay-gradient":""}},"footnotes":""},"class_list":["post-612","page","type-page","status-publish","hentry"],"_links":{"self":[{"href":"https:\/\/apsoluti-industria.com\/index.php\/wp-json\/wp\/v2\/pages\/612","targetHints":{"allow":["GET"]}}],"collection":[{"href":"https:\/\/apsoluti-industria.com\/index.php\/wp-json\/wp\/v2\/pages"}],"about":[{"href":"https:\/\/apsoluti-industria.com\/index.php\/wp-json\/wp\/v2\/types\/page"}],"author":[{"embeddable":true,"href":"https:\/\/apsoluti-industria.com\/index.php\/wp-json\/wp\/v2\/users\/1"}],"replies":[{"embeddable":true,"href":"https:\/\/apsoluti-industria.com\/index.php\/wp-json\/wp\/v2\/comments?post=612"}],"version-history":[{"count":128,"href":"https:\/\/apsoluti-industria.com\/index.php\/wp-json\/wp\/v2\/pages\/612\/revisions"}],"predecessor-version":[{"id":2518,"href":"https:\/\/apsoluti-industria.com\/index.php\/wp-json\/wp\/v2\/pages\/612\/revisions\/2518"}],"wp:attachment":[{"href":"https:\/\/apsoluti-industria.com\/index.php\/wp-json\/wp\/v2\/media?parent=612"}],"curies":[{"name":"wp","href":"https:\/\/api.w.org\/{rel}","templated":true}]}}